{"id":3691,"date":"2026-01-04T18:54:41","date_gmt":"2026-01-05T01:54:41","guid":{"rendered":"https:\/\/www.graceworshipcenternm.org\/?page_id=3691"},"modified":"2026-01-05T18:52:34","modified_gmt":"2026-01-06T01:52:34","slug":"our-beliefs","status":"publish","type":"page","link":"https:\/\/www.graceworshipcenternm.org\/es\/about\/our-beliefs\/","title":{"rendered":"Nuestras Creencias"},"content":{"rendered":"<div data-elementor-type=\"wp-page\" data-elementor-id=\"3691\" class=\"elementor elementor-3691\" data-elementor-post-type=\"page\">\n\t\t\t\t<div class=\"elementor-element elementor-element-70c50b1 e-flex e-con-boxed e-con e-parent\" data-id=\"70c50b1\" data-element_type=\"container\" data-e-type=\"container\">\n\t\t\t\t\t<div class=\"e-con-inner\">\n\t\t\t\t<div class=\"elementor-element elementor-element-b5b7886 elementor-widget elementor-widget-text-editor\" data-id=\"b5b7886\" data-element_type=\"widget\" data-e-type=\"widget\" data-widget_type=\"text-editor.default\">\n\t\t\t\t<div class=\"elementor-widget-container\">\n\t\t\t\t\t\t\t\t\t<p data-start=\"297\" data-end=\"763\">\u00a0<\/p><h2 data-start=\"770\" data-end=\"780\">Un Solo Dios<\/h2><p data-start=\"782\" data-end=\"994\">Creemos en un solo Dios verdadero que se ha revelado a lo largo de la historia de diversas maneras. Se revel\u00f3 como Padre en la creaci\u00f3n, como Hijo en la redenci\u00f3n y como el Esp\u00edritu Santo que habita en los corazones de los creyentes.<\/p><p data-start=\"996\" data-end=\"1403\">Este \u00fanico Dios es el Creador de todas las cosas, visibles e invisibles. Es eterno, infinito en poder y santo en naturaleza, atributos y prop\u00f3sito. Su divinidad es absoluta e indivisible. Es infinito en su ser, incomprensible para la mente humana e indescriptible en esencia. Dado que Dios es infinito, solo \u00c9l mismo puede conocerse plenamente. No tiene cuerpo f\u00edsico ni partes, por lo tanto, no est\u00e1 limitado de ninguna manera.<\/p><p data-start=\"1405\" data-end=\"1561\" class=\"translation-block\">Las Escrituras declaran:\n\u00abEscucha, Israel: El Se\u00f1or nuestro Dios es un solo Se\u00f1or\u00bb (Deuteronomio 6:4; Marcos 12:29).\n\u00abPara nosotros hay un solo Dios\u2026\u00bb (1 Corintios 8:6).<\/p><hr data-start=\"1563\" data-end=\"1566\" \/><h2 data-start=\"1568\" data-end=\"1583\">Jesucristo<\/h2><p data-start=\"1585\" data-end=\"1817\">Creemos que el Se\u00f1or Jesucristo fue concebido milagrosamente por el Esp\u00edritu Santo y naci\u00f3 de la Virgen Mar\u00eda. \u00c9l es plenamente Dios y plenamente hombre, y es el \u00fanico Dios verdadero revelado a la humanidad (Romanos 9:5; 1 Juan 5:20).<\/p><p data-start=\"1819\" data-end=\"2028\">El Dios del Antiguo Testamento se manifest\u00f3 en forma humana en Jesucristo. \u00abEl Verbo se hizo carne y habit\u00f3 entre nosotros\u00bb (Juan 1:14). Como declara la Escritura: \u00abDios se manifest\u00f3 en carne\u00bb (1 Timoteo 3:16).<\/p><p data-start=\"2030\" data-end=\"2448\">En Jesucristo, los atributos divinos y la naturaleza humana se unieron perfectamente de una manera que escapa a la comprensi\u00f3n humana. Se le llama Hijo del Hombre porque naci\u00f3 de Mar\u00eda y asumi\u00f3 la naturaleza humana. Se le llama Hijo de Dios porque fue concebido por el Esp\u00edritu Santo y posee naturaleza divina. Por lo tanto, creemos que Jesucristo es Dios, pues \u00aben \u00e9l habita corporalmente toda la plenitud de la Deidad\u00bb (Colosenses 2:9).<\/p><p data-start=\"2450\" data-end=\"2793\">Jesucristo es el Padre eterno y el Hijo prometido que nos fue dado (Isa\u00edas 9:6). \u00c9l es el Creador de todas las cosas (Colosenses 1:16-17), omnipresente (Juan 3:13), inmutable (Hebreos 13:8) y todopoderoso. Demostr\u00f3 su autoridad divina mediante milagros, dominio sobre la naturaleza y el poder de perdonar pecados (Lucas 5:24-26; Marcos 4:37-39).<\/p><hr data-start=\"2795\" data-end=\"2798\" \/><h2 data-start=\"2800\" data-end=\"2818\">El Esp\u00edritu Santo<\/h2><p data-start=\"2820\" data-end=\"2980\">Creemos en el bautismo del Esp\u00edritu Santo, tal como fue prometido en el Antiguo Testamento y derramado despu\u00e9s de la glorificaci\u00f3n de Jesucristo (Joel 2:28-29; Hechos 2:1-4).<\/p><p data-start=\"2982\" data-end=\"3152\">Creemos que la evidencia inicial de haber recibido el Esp\u00edritu Santo es hablar en otras lenguas seg\u00fan el Esp\u00edritu lo permita, y que esta experiencia est\u00e1 disponible en la actualidad.<\/p><p data-start=\"3154\" data-end=\"3502\">El Esp\u00edritu Santo capacita a los creyentes para dar testimonio de Cristo (Hechos 1:8), produce un car\u00e1cter piadoso (G\u00e1latas 5:22-25) y distribuye dones espirituales para la edificaci\u00f3n de la Iglesia (1 Corintios 12; Romanos 12; Efesios 4). Creemos que estos dones se otorgan \u00fanicamente seg\u00fan la voluntad del Esp\u00edritu y no pueden ser impartidos por autoridad humana.<\/p><p data-start=\"3504\" data-end=\"3646\">Se anima a todos los miembros a buscar el Esp\u00edritu Santo y a vivir continuamente bajo su gu\u00eda (Romanos 8:5-16; Efesios 5:18; Colosenses 3:5).<\/p><hr data-start=\"3648\" data-end=\"3651\" \/><h2 data-start=\"3653\" data-end=\"3669\">Bautismo en Agua<\/h2><p data-start=\"3671\" data-end=\"3930\">Creemos en el bautismo por inmersi\u00f3n en agua en el nombre de Jesucristo, administrado por un ministro ordenado. El bautismo por inmersi\u00f3n representa la muerte del creyente al pecado y su identificaci\u00f3n con la muerte, sepultura y resurrecci\u00f3n de Jesucristo (Romanos 6:1-5).<\/p><p data-start=\"3932\" data-end=\"4086\">Creemos que el bautismo debe realizarse en el nombre de Jesucristo, tal como lo practicaron los ap\u00f3stoles y como consta en las Escrituras (Hechos 2:38; 8:16; 10:48; 19:5).<\/p><hr data-start=\"4088\" data-end=\"4091\" \/><h2 data-start=\"4093\" data-end=\"4128\">La Resurrecci\u00f3n de Jesucristo<\/h2><p data-start=\"4130\" data-end=\"4409\">Creemos en la resurrecci\u00f3n literal y corporal de Jesucristo al tercer d\u00eda de su crucifixi\u00f3n, tal como se narra en los Evangelios. Esta resurrecci\u00f3n fue anunciada por los profetas y es esencial para nuestra fe, esperanza y justificaci\u00f3n (Isa\u00edas 53; 1 Corintios 15:20; Romanos 4:25).<\/p>\t\t\t\t\t\t\t\t<\/div>\n\t\t\t\t<\/div>\n\t\t\t\t\t<\/div>\n\t\t\t\t<\/div>\n\t\t<div class=\"elementor-element elementor-element-c2f6295 e-flex e-con-boxed e-con e-parent\" data-id=\"c2f6295\" data-element_type=\"container\" data-e-type=\"container\" data-settings=\"{&quot;background_background&quot;:&quot;classic&quot;}\">\n\t\t\t\t\t<div class=\"e-con-inner\">\n\t\t\t\t<div class=\"elementor-element elementor-element-e925079 elementor-widget elementor-widget-image\" data-id=\"e925079\" data-element_type=\"widget\" data-e-type=\"widget\" data-widget_type=\"image.default\">\n\t\t\t\t<div class=\"elementor-widget-container\">\n\t\t\t\t\t\t\t\t\t\t\t\t\t\t\t\t<a href=\"https:\/\/aaofcj.com\/\">\n\t\t\t\t\t\t\t<img decoding=\"async\" width=\"280\" height=\"75\" src=\"https:\/\/www.graceworshipcenternm.org\/wp-content\/uploads\/2026\/01\/apostoliclogo-1.png\" class=\"attachment-large size-large wp-image-3705\" alt=\"\" srcset=\"https:\/\/www.graceworshipcenternm.org\/wp-content\/uploads\/2026\/01\/apostoliclogo-1.png 280w, https:\/\/www.graceworshipcenternm.org\/wp-content\/uploads\/2026\/01\/apostoliclogo-1-18x5.png 18w\" sizes=\"(max-width: 280px) 100vw, 280px\" \/>\t\t\t\t\t\t\t\t<\/a>\n\t\t\t\t\t\t\t\t\t\t\t\t\t\t\t<\/div>\n\t\t\t\t<\/div>\n\t\t\t\t\t<\/div>\n\t\t\t\t<\/div>\n\t\t\t\t<\/div>","protected":false},"excerpt":{"rendered":"<p>\u00a0 One God We believe in one true God who has revealed Himself throughout history in various ways. He revealed Himself as Father in creation, as Son in redemption, and as the Holy Spirit dwelling in the hearts of believers. This one God is the Creator of all things, visible and invisible. He is eternal, [&hellip;]<\/p>\n","protected":false},"author":3,"featured_media":0,"parent":2777,"menu_order":0,"comment_status":"closed","ping_status":"closed","template":"","meta":{"footnotes":""},"class_list":["post-3691","page","type-page","status-publish","hentry"],"_links":{"self":[{"href":"https:\/\/www.graceworshipcenternm.org\/es\/wp-json\/wp\/v2\/pages\/3691","targetHints":{"allow":["GET"]}}],"collection":[{"href":"https:\/\/www.graceworshipcenternm.org\/es\/wp-json\/wp\/v2\/pages"}],"about":[{"href":"https:\/\/www.graceworshipcenternm.org\/es\/wp-json\/wp\/v2\/types\/page"}],"author":[{"embeddable":true,"href":"https:\/\/www.graceworshipcenternm.org\/es\/wp-json\/wp\/v2\/users\/3"}],"replies":[{"embeddable":true,"href":"https:\/\/www.graceworshipcenternm.org\/es\/wp-json\/wp\/v2\/comments?post=3691"}],"version-history":[{"count":7,"href":"https:\/\/www.graceworshipcenternm.org\/es\/wp-json\/wp\/v2\/pages\/3691\/revisions"}],"predecessor-version":[{"id":3709,"href":"https:\/\/www.graceworshipcenternm.org\/es\/wp-json\/wp\/v2\/pages\/3691\/revisions\/3709"}],"up":[{"embeddable":true,"href":"https:\/\/www.graceworshipcenternm.org\/es\/wp-json\/wp\/v2\/pages\/2777"}],"wp:attachment":[{"href":"https:\/\/www.graceworshipcenternm.org\/es\/wp-json\/wp\/v2\/media?parent=3691"}],"curies":[{"name":"wp","href":"https:\/\/api.w.org\/{rel}","templated":true}]}}